{"id":2155,"date":"2021-11-03T17:13:38","date_gmt":"2021-11-03T17:13:38","guid":{"rendered":"https:\/\/tunisnews.net\/?page_id=2155"},"modified":"2023-09-21T08:55:45","modified_gmt":"2023-09-21T08:55:45","slug":"f-a-q","status":"publish","type":"page","link":"https:\/\/tunisnews.net\/ar\/f-a-q\/","title":{"rendered":"\u0623\u0633\u0626\u0644\u0629 \u0645\u064f\u062a\u062f\u0627\u0648\u0644\u0629"},"content":{"rendered":"<div data-elementor-type=\"wp-page\" data-elementor-id=\"2155\" class=\"elementor elementor-2155\" data-elementor-post-type=\"page\">\n\t\t\t\t\t\t<section class=\"elementor-section elementor-top-section elementor-element elementor-element-4aac3f56 elementor-section-boxed elementor-section-height-default elementor-section-height-default\" data-id=\"4aac3f56\" data-element_type=\"section\" data-settings=\"{&quot;background_background&quot;:&quot;classic&quot;,&quot;shape_divider_bottom&quot;:&quot;split&quot;}\">\n\t\t\t\t\t\t\t<div class=\"elementor-background-overlay\"><\/div>\n\t\t\t\t\t\t<div class=\"elementor-shape elementor-shape-bottom\" data-negative=\"false\">\n\t\t\t<svg xmlns=\"http:\/\/www.w3.org\/2000\/svg\" viewbox=\"0 0 1000 20\" preserveaspectratio=\"none\">\n\t<path class=\"elementor-shape-fill\" d=\"M0,0v3c0,0,393.8,0,483.4,0c9.2,0,16.6,7.4,16.6,16.6c0-9.1,7.4-16.6,16.6-16.6C606.2,3,1000,3,1000,3V0H0z\"\/>\n<\/svg>\t\t<\/div>\n\t\t\t\t\t<div class=\"elementor-container elementor-column-gap-no\">\n\t\t\t\t\t<div class=\"elementor-column elementor-col-100 elementor-top-column elementor-element elementor-element-4334a50e\" data-id=\"4334a50e\" data-element_type=\"column\">\n\t\t\t<div class=\"elementor-widget-wrap elementor-element-populated\">\n\t\t\t\t\t\t<div class=\"elementor-element elementor-element-52670971 elementor-invisible elementor-widget elementor-widget-heading\" data-id=\"52670971\" data-element_type=\"widget\" data-settings=\"{&quot;_animation&quot;:&quot;fadeInUp&quot;}\" data-widget_type=\"heading.default\">\n\t\t\t\t<div class=\"elementor-widget-container\">\n\t\t\t<h1 class=\"elementor-heading-title elementor-size-default\">\u0623\u0633\u0626\u0644\u0629 \u0645\u064f\u062a\u062f\u0627\u0648\u0644\u0629<\/h1>\t\t<\/div>\n\t\t\t\t<\/div>\n\t\t\t\t<div class=\"elementor-element elementor-element-0ddacc6 elementor-invisible elementor-widget elementor-widget-text-editor\" data-id=\"0ddacc6\" data-element_type=\"widget\" data-settings=\"{&quot;_animation&quot;:&quot;fadeInUp&quot;,&quot;_animation_delay&quot;:300}\" data-widget_type=\"text-editor.default\">\n\t\t\t\t<div class=\"elementor-widget-container\">\n\t\t\t\t\t\t\t<p>\u0625\u0630\u0627 \u0643\u0627\u0646\u062a \u0644\u062f\u064a\u0643\u0645 \u0623\u064a \u0623\u0633\u0626\u0644\u0629 \u0623\u062e\u0631\u0649\u060c \u0641\u0644\u0627 \u062a\u062a\u0631\u062f\u062f\u0648\u0627 \u0641\u064a \u0645\u0631\u0627\u0633\u0644\u062a\u0646\u0627.\u00a0<\/p>\t\t\t\t\t\t<\/div>\n\t\t\t\t<\/div>\n\t\t\t\t\t<\/div>\n\t\t<\/div>\n\t\t\t\t\t<\/div>\n\t\t<\/section>\n\t\t\t\t<section class=\"elementor-section elementor-top-section elementor-element elementor-element-5ca3e0b8 elementor-section-content-middle elementor-section-boxed elementor-section-height-default elementor-section-height-default\" data-id=\"5ca3e0b8\" data-element_type=\"section\" data-settings=\"{&quot;background_background&quot;:&quot;classic&quot;}\">\n\t\t\t\t\t\t<div class=\"elementor-container elementor-column-gap-no\">\n\t\t\t\t\t<div class=\"elementor-column elementor-col-50 elementor-top-column elementor-element elementor-element-3c76d954\" data-id=\"3c76d954\" data-element_type=\"column\">\n\t\t\t<div class=\"elementor-widget-wrap elementor-element-populated\">\n\t\t\t\t\t\t<div class=\"elementor-element elementor-element-2c9ee952 elementor-widget elementor-widget-heading\" data-id=\"2c9ee952\" data-element_type=\"widget\" data-widget_type=\"heading.default\">\n\t\t\t\t<div class=\"elementor-widget-container\">\n\t\t\t<h2 class=\"elementor-heading-title elementor-size-default\">\u0623\u0633\u0626\u0644\u0629 \u0648\u0623\u062c\u0648\u0628\u0629<\/h2>\t\t<\/div>\n\t\t\t\t<\/div>\n\t\t\t\t<div class=\"elementor-element elementor-element-a8f902c elementor-widget elementor-widget-toggle\" data-id=\"a8f902c\" data-element_type=\"widget\" data-widget_type=\"toggle.default\">\n\t\t\t\t<div class=\"elementor-widget-container\">\n\t\t\t\t\t<div class=\"elementor-toggle\">\n\t\t\t\t\t\t\t<div class=\"elementor-toggle-item\">\n\t\t\t\t\t<div id=\"elementor-tab-title-1771\" class=\"elementor-tab-title\" data-tab=\"1\" role=\"button\" aria-controls=\"elementor-tab-content-1771\" aria-expanded=\"false\">\n\t\t\t\t\t\t\t\t\t\t\t\t<span class=\"elementor-toggle-icon elementor-toggle-icon-right\" aria-hidden=\"true\">\n\t\t\t\t\t\t\t\t\t\t\t\t\t\t\t<span class=\"elementor-toggle-icon-closed\"><i class=\"fas fa-chevron-right\"><\/i><\/span>\n\t\t\t\t\t\t\t\t<span class=\"elementor-toggle-icon-opened\"><i class=\"elementor-toggle-icon-opened fas fa-chevron-up\"><\/i><\/span>\n\t\t\t\t\t\t\t\t\t\t\t\t\t<\/span>\n\t\t\t\t\t\t\t\t\t\t\t\t<a class=\"elementor-toggle-title\" tabindex=\"0\">\u0644\u0645\u0627\u0630\u0627 \u0642\u0631\u0631\u062a\u0645 \u062a\u062d\u062f\u064a\u062b \u0627\u0644\u0645\u0648\u0642\u0639 \u0627\u0644\u0645\u062a\u0636\u0645\u0646 \u0644\u0623\u0631\u0634\u064a\u0641\u0643\u0645 \u0627\u0644\u0622\u0646\u061f<\/a>\n\t\t\t\t\t<\/div>\n\n\t\t\t\t\t<div id=\"elementor-tab-content-1771\" class=\"elementor-tab-content elementor-clearfix\" data-tab=\"1\" role=\"region\" aria-labelledby=\"elementor-tab-title-1771\"><p>\u0641\u064a \u0627\u0644\u0648\u0627\u0642\u0639\u060c \u062a\u0645\u062a \u0645\u0646\u0627\u0642\u0634\u0629 \u0627\u0644\u0645\u0634\u0631\u0648\u0639 \u0639\u0644\u0649 \u0645\u062f\u0649 \u0633\u0646\u0648\u0627\u062a. \u0630\u0644\u0643 \u0623\u0646 \u0627\u0644\u0625\u0635\u062f\u0627\u0631 \u0627\u0644\u0642\u062f\u064a\u0645 \u0644\u0645\u0648\u0642\u0639\u0646\u0627 \u0644\u0645 \u064a\u0639\u062f \u0645\u0644\u0628\u064a\u0627 \u0644\u0644\u0645\u0639\u0627\u064a\u064a\u0631 \u0627\u0644\u062d\u062f\u064a\u062b\u0629 \u0648\u0644\u0627 \u064a\u064f\u0648\u0641\u0651\u0640\u0631 \u0625\u0645\u0643\u0627\u0646\u064a\u0629 \u0645\u064a\u0633\u0631\u0629 \u0644\u0625\u062c\u0631\u0627\u0621 \u0628\u062d\u062b \u0646\u0627\u062c\u0639 \u0639\u0646 \u0627\u0644\u0645\u0639\u0644\u0648\u0645\u0627\u062a \u0627\u0644\u0647\u0627\u0626\u0644\u0629 \u0627\u0644\u062a\u064a \u064a\u0634\u062a\u0645\u0644 \u0639\u0644\u064a\u0647\u0627 \u0645\u0646 \u0637\u0631\u0641 \u0627\u0644\u0628\u0627\u062d\u062b\u064a\u0646 \u0648\u0627\u0644\u0645\u0624\u0631\u062e\u064a\u0646 \u0648\u0627\u0644\u0645\u0647\u062a\u0645\u064a\u0646 \u0628\u0627\u0644\u0634\u0623\u0646 \u0627\u0644\u062a\u0648\u0646\u0633\u064a \u0639\u0645\u0648\u0645\u0627.<\/p><\/div>\n\t\t\t\t<\/div>\n\t\t\t\t\t\t\t<div class=\"elementor-toggle-item\">\n\t\t\t\t\t<div id=\"elementor-tab-title-1772\" class=\"elementor-tab-title\" data-tab=\"2\" role=\"button\" aria-controls=\"elementor-tab-content-1772\" aria-expanded=\"false\">\n\t\t\t\t\t\t\t\t\t\t\t\t<span class=\"elementor-toggle-icon elementor-toggle-icon-right\" aria-hidden=\"true\">\n\t\t\t\t\t\t\t\t\t\t\t\t\t\t\t<span class=\"elementor-toggle-icon-closed\"><i class=\"fas fa-chevron-right\"><\/i><\/span>\n\t\t\t\t\t\t\t\t<span class=\"elementor-toggle-icon-opened\"><i class=\"elementor-toggle-icon-opened fas fa-chevron-up\"><\/i><\/span>\n\t\t\t\t\t\t\t\t\t\t\t\t\t<\/span>\n\t\t\t\t\t\t\t\t\t\t\t\t<a class=\"elementor-toggle-title\" tabindex=\"0\">\u0643\u0645 \u0628\u0644\u063a \u0639\u062f\u062f \u0627\u0644\u0645\u062a\u0637\u0648\u0639\u064a\u0646 \u0627\u0644\u0630\u064a\u0646 \u0639\u0645\u0644\u0648\u0627 \u0639\u0644\u0649 \u0625\u0639\u062f\u0627\u062f \u0627\u0644\u0645\u062d\u062a\u0648\u0649 \u0648\u062a\u0623\u0645\u064a\u0646 \u062a\u0648\u0632\u064a\u0639 \u0627\u0644\u0646\u0634\u0631\u0629\u061f <\/a>\n\t\t\t\t\t<\/div>\n\n\t\t\t\t\t<div id=\"elementor-tab-content-1772\" class=\"elementor-tab-content elementor-clearfix\" data-tab=\"2\" role=\"region\" aria-labelledby=\"elementor-tab-title-1772\"><p>\u0641\u064a \u0627\u0644\u0628\u062f\u0627\u064a\u0629\u060c \u062a\u0645 \u0625\u0637\u0644\u0627\u0642 \u0627\u0644\u0645\u0634\u0631\u0648\u0639 \u0645\u0646 \u0642\u0628\u0644 \u0634\u062e\u0635\u064a\u0646 \u0641\u0642\u0637\u060c \u062b\u0645 \u0627\u0644\u062a\u062d\u0642 \u0645\u062a\u0637\u0648\u0639\u0648\u0646 \u0622\u062e\u0631\u0648\u0646 \u0644\u062a\u0642\u062f\u064a\u0645 \u064a\u062f \u0627\u0644\u0645\u0633\u0627\u0639\u062f\u0629 \u0644\u0644\u0645\u064f\u0624\u0633\u0651\u0633\u064a\u0652\u0646. \u0648\u0641\u064a \u0646\u0647\u0627\u064a\u0629 \u0627\u0644\u0645\u0637\u0627\u0641\u060c \u0644\u0645 \u064a\u062a\u062c\u0627\u0648\u0632 \u0639\u062f\u062f \u0627\u0644\u0645\u0648\u0627\u0637\u0646\u064a\u0646 \u0627\u0644\u062a\u0648\u0646\u0633\u064a\u064a\u0646 \u0627\u0644\u0645\u0642\u064a\u0645\u064a\u0646 \u0628\u0627\u0644\u062e\u0627\u0631\u062c \u0627\u0644\u0630\u064a\u0646 \u0634\u0627\u0631\u0643\u0648\u0627 \u0641\u064a \u062e\u0648\u0636 \u0647\u0630\u0647 \u0627\u0644\u0645\u063a\u0627\u0645\u0631\u0629 \u062e\u0645\u0633\u0629 \u0639\u0634\u0631 \u0634\u062e\u0635\u0627.<\/p><\/div>\n\t\t\t\t<\/div>\n\t\t\t\t\t\t\t<div class=\"elementor-toggle-item\">\n\t\t\t\t\t<div id=\"elementor-tab-title-1773\" class=\"elementor-tab-title\" data-tab=\"3\" role=\"button\" aria-controls=\"elementor-tab-content-1773\" aria-expanded=\"false\">\n\t\t\t\t\t\t\t\t\t\t\t\t<span class=\"elementor-toggle-icon elementor-toggle-icon-right\" aria-hidden=\"true\">\n\t\t\t\t\t\t\t\t\t\t\t\t\t\t\t<span class=\"elementor-toggle-icon-closed\"><i class=\"fas fa-chevron-right\"><\/i><\/span>\n\t\t\t\t\t\t\t\t<span class=\"elementor-toggle-icon-opened\"><i class=\"elementor-toggle-icon-opened fas fa-chevron-up\"><\/i><\/span>\n\t\t\t\t\t\t\t\t\t\t\t\t\t<\/span>\n\t\t\t\t\t\t\t\t\t\t\t\t<a class=\"elementor-toggle-title\" tabindex=\"0\">\u0645\u0646 \u0647\u0645 \u0647\u0624\u0644\u0627\u0621 \u0627\u0644\u0645\u062a\u0637\u0648\u0639\u0648\u0646\u061f<\/a>\n\t\t\t\t\t<\/div>\n\n\t\t\t\t\t<div id=\"elementor-tab-content-1773\" class=\"elementor-tab-content elementor-clearfix\" data-tab=\"3\" role=\"region\" aria-labelledby=\"elementor-tab-title-1773\"><p>\u0627\u0644\u0623\u0633\u0645\u0627\u0621 \u0648\u0627\u0644\u0623\u0644\u0642\u0627\u0628 \u0644\u0627 \u062a\u0647\u0645 \u062d\u0642\u064a\u0642\u0629. \u0644\u0642\u062f \u0627\u062e\u062a\u0627\u0631\u0648\u0627 - \u0628\u062d\u0643\u0645 \u0625\u0642\u0627\u0645\u062a\u0647\u0645 \u0641\u064a \u0628\u0644\u062f\u0627\u0646 \u062d\u0631\u0629 \u0648\u062f\u064a\u0645\u0642\u0631\u0627\u0637\u064a\u0629 - \u0627\u0644\u0645\u0633\u0627\u0647\u0645\u0629 \u062f\u0648\u0646 \u0627\u0644\u0643\u0634\u0641 \u0639\u0646 \u0647\u0648\u064a\u062a\u0647\u0645 \u0641\u064a \u0645\u0643\u0627\u0641\u062d\u0629 \u0627\u0644\u062f\u0643\u062a\u0627\u062a\u0648\u0631\u064a\u0629 \u0627\u0644\u062a\u064a \u0643\u0627\u0646\u062a \u062a\u062e\u0646\u0642 \u0627\u0644\u0623\u0646\u0641\u0627\u0633 \u0641\u064a \u0628\u0644\u0627\u062f\u0647\u0645 \u0645\u0646 \u062e\u0644\u0627\u0644 \u062a\u0632\u0648\u064a\u062f \u0645\u0648\u0627\u0637\u0646\u064a\u0647\u0645 \u0628\u0645\u0639\u0644\u0648\u0645\u0627\u062a \u062f\u0642\u064a\u0642\u0629 \u0648\u0645\u0648\u0636\u0648\u0639\u064a\u0629 \u0648\u0645\u062a\u0646\u0648\u0639\u0629 \u0648\u0630\u0627\u062a \u0645\u0635\u062f\u0627\u0642\u064a\u0629. \u0644\u0642\u062f \u0643\u0627\u0646 \u0634\u0639\u0627\u0631\u0647\u0645 (\u0648\u0644\u0627 \u064a\u0632\u0627\u0644): \"\u0642\u0645 \u0628\u0648\u0627\u062c\u0628\u0643 \u0648\u063a\u0627\u062f\u0631 \u0628\u0635\u0645\u062a\". \u00a0\u00a0\u00a0<\/p><\/div>\n\t\t\t\t<\/div>\n\t\t\t\t\t\t\t<div class=\"elementor-toggle-item\">\n\t\t\t\t\t<div id=\"elementor-tab-title-1774\" class=\"elementor-tab-title\" data-tab=\"4\" role=\"button\" aria-controls=\"elementor-tab-content-1774\" aria-expanded=\"false\">\n\t\t\t\t\t\t\t\t\t\t\t\t<span class=\"elementor-toggle-icon elementor-toggle-icon-right\" aria-hidden=\"true\">\n\t\t\t\t\t\t\t\t\t\t\t\t\t\t\t<span class=\"elementor-toggle-icon-closed\"><i class=\"fas fa-chevron-right\"><\/i><\/span>\n\t\t\t\t\t\t\t\t<span class=\"elementor-toggle-icon-opened\"><i class=\"elementor-toggle-icon-opened fas fa-chevron-up\"><\/i><\/span>\n\t\t\t\t\t\t\t\t\t\t\t\t\t<\/span>\n\t\t\t\t\t\t\t\t\t\t\t\t<a class=\"elementor-toggle-title\" tabindex=\"0\">\u0645\u0646 \u0642\u0627\u0645 \u0628\u062a\u0645\u0648\u064a\u0644 \u0646\u0634\u0627\u0637\u0643\u0645 \u0643\u0644 \u0647\u0630\u0647 \u0627\u0644\u0623\u0639\u0648\u0627\u0645\u061f<\/a>\n\t\t\t\t\t<\/div>\n\n\t\t\t\t\t<div id=\"elementor-tab-content-1774\" class=\"elementor-tab-content elementor-clearfix\" data-tab=\"4\" role=\"region\" aria-labelledby=\"elementor-tab-title-1774\"><p>\u0644\u0627 \u0623\u062d\u062f. \u0643\u0627\u0646 \u0641\u0631\u064a\u0642\u0646\u0627 \u0628\u0623\u0643\u0645\u0644\u0647 \u0645\u0643\u0648\u0646\u064b\u0627 \u0645\u0646 \u0645\u062a\u0637\u0648\u0639\u064a\u0646 \u0648\u062a\u0645 \u062a\u0633\u062f\u064a\u062f \u062c\u0645\u064a\u0639 \u0627\u0644\u062a\u0643\u0627\u0644\u064a\u0641 \u0627\u0644\u0645\u062a\u0631\u062a\u0628\u0629 \u0639\u0646 \u0639\u0645\u0644\u0646\u0627 \u0645\u0646 \u0642\u0628\u0644 \u0623\u0639\u0636\u0627\u0621 \u0627\u0644\u0641\u0631\u064a\u0642 \u0641\u062d\u0633\u0628.<\/p><\/div>\n\t\t\t\t<\/div>\n\t\t\t\t\t\t\t<div class=\"elementor-toggle-item\">\n\t\t\t\t\t<div id=\"elementor-tab-title-1775\" class=\"elementor-tab-title\" data-tab=\"5\" role=\"button\" aria-controls=\"elementor-tab-content-1775\" aria-expanded=\"false\">\n\t\t\t\t\t\t\t\t\t\t\t\t<span class=\"elementor-toggle-icon elementor-toggle-icon-right\" aria-hidden=\"true\">\n\t\t\t\t\t\t\t\t\t\t\t\t\t\t\t<span class=\"elementor-toggle-icon-closed\"><i class=\"fas fa-chevron-right\"><\/i><\/span>\n\t\t\t\t\t\t\t\t<span class=\"elementor-toggle-icon-opened\"><i class=\"elementor-toggle-icon-opened fas fa-chevron-up\"><\/i><\/span>\n\t\t\t\t\t\t\t\t\t\t\t\t\t<\/span>\n\t\t\t\t\t\t\t\t\t\t\t\t<a class=\"elementor-toggle-title\" tabindex=\"0\">\u0647\u0644 \u062a\u062e\u0637\u0637\u0648\u0646 \u0644\u0627\u0633\u062a\u0626\u0646\u0627\u0641 \u0646\u0634\u0627\u0637\u0643\u0645 \u0628\u0637\u0631\u064a\u0642\u0629 \u0623\u0648 \u0628\u0623\u062e\u0631\u0649\u061f<\/a>\n\t\t\t\t\t<\/div>\n\n\t\t\t\t\t<div id=\"elementor-tab-content-1775\" class=\"elementor-tab-content elementor-clearfix\" data-tab=\"5\" role=\"region\" aria-labelledby=\"elementor-tab-title-1775\"><p>\u0644\u0627\u060c \u0644\u064a\u0633 \u0647\u0646\u0627\u0643 \u0634\u064a\u0621 \u0641\u064a \u0627\u0644\u0623\u0641\u0642 \u062d\u0627\u0644\u064a\u0627\u060c \u0644\u0643\u0646 \u0645\u0646 \u064a\u062f\u0631\u064a\u060c \u0641\u0627\u0644\u0644\u0647 \u0623\u0639\u0644\u0645 \u0628\u0645\u0627 \u064a\u062e\u0628\u0651\u0624\u0647 \u0627\u0644\u0645\u0633\u062a\u0642\u0628\u0644.<\/p><\/div>\n\t\t\t\t<\/div>\n\t\t\t\t\t\t\t\t<\/div>\n\t\t\t\t<\/div>\n\t\t\t\t<\/div>\n\t\t\t\t\t<\/div>\n\t\t<\/div>\n\t\t\t\t<div class=\"elementor-column elementor-col-50 elementor-top-column elementor-element elementor-element-34a2d88e\" data-id=\"34a2d88e\" data-element_type=\"column\" data-settings=\"{&quot;background_background&quot;:&quot;classic&quot;}\">\n\t\t\t<div class=\"elementor-widget-wrap elementor-element-populated\">\n\t\t\t\t\t<div class=\"elementor-background-overlay\"><\/div>\n\t\t\t\t\t\t<div class=\"elementor-element elementor-element-5bd0058e elementor-invisible elementor-widget elementor-widget-image\" data-id=\"5bd0058e\" data-element_type=\"widget\" data-settings=\"{&quot;_animation&quot;:&quot;fadeIn&quot;}\" data-widget_type=\"image.default\">\n\t\t\t\t<div class=\"elementor-widget-container\">\n\t\t\t\t\t\t\t\t\t\t\t\t\t<img fetchpriority=\"high\" decoding=\"async\" width=\"640\" height=\"426\" src=\"https:\/\/tunisnews.net\/wp-content\/uploads\/2021\/11\/apropos-1.jpg\" class=\"attachment-full size-full wp-image-1948\" alt=\"\" srcset=\"https:\/\/tunisnews.net\/wp-content\/uploads\/2021\/11\/apropos-1.jpg 640w, https:\/\/tunisnews.net\/wp-content\/uploads\/2021\/11\/apropos-1-300x200.jpg 300w\" sizes=\"(max-width: 640px) 100vw, 640px\" \/>\t\t\t\t\t\t\t\t\t\t\t\t\t<\/div>\n\t\t\t\t<\/div>\n\t\t\t\t\t<\/div>\n\t\t<\/div>\n\t\t\t\t\t<\/div>\n\t\t<\/section>\n\t\t\t\t<section class=\"elementor-section elementor-top-section elementor-element elementor-element-1463522 elementor-section-boxed elementor-section-height-default elementor-section-height-default\" data-id=\"1463522\" data-element_type=\"section\" data-settings=\"{&quot;background_background&quot;:&quot;classic&quot;}\">\n\t\t\t\t\t\t<div class=\"elementor-container elementor-column-gap-no\">\n\t\t\t\t\t<div class=\"elementor-column elementor-col-100 elementor-top-column elementor-element elementor-element-c4d33cb\" data-id=\"c4d33cb\" data-element_type=\"column\">\n\t\t\t<div class=\"elementor-widget-wrap elementor-element-populated\">\n\t\t\t\t\t\t<div class=\"elementor-element elementor-element-7eb4b1b elementor-widget__width-auto elementor-align-right elementor-widget elementor-widget-button\" data-id=\"7eb4b1b\" data-element_type=\"widget\" data-widget_type=\"button.default\">\n\t\t\t\t<div class=\"elementor-widget-container\">\n\t\t\t\t\t\t\t<div class=\"elementor-button-wrapper\">\n\t\t\t\t\t<a class=\"elementor-button elementor-button-link elementor-size-sm\" href=\"\/ar\/articles\/\">\n\t\t\t\t\t\t<span class=\"elementor-button-content-wrapper\">\n\t\t\t\t\t\t\t\t\t<span class=\"elementor-button-text\"> \u0625\u0644\u0649 \u0643\u0627\u0645\u0644 \u0627\u0644\u0623\u0631\u0634\u064a\u0641 \u2190<\/span>\n\t\t\t\t\t<\/span>\n\t\t\t\t\t<\/a>\n\t\t\t\t<\/div>\n\t\t\t\t\t\t<\/div>\n\t\t\t\t<\/div>\n\t\t\t\t\t<\/div>\n\t\t<\/div>\n\t\t\t\t\t<\/div>\n\t\t<\/section>\n\t\t\t\t<section class=\"elementor-section elementor-top-section elementor-element elementor-element-24060a4d elementor-hidden-desktop elementor-hidden-tablet elementor-hidden-mobile elementor-section-boxed elementor-section-height-default elementor-section-height-default\" data-id=\"24060a4d\" data-element_type=\"section\" data-settings=\"{&quot;background_background&quot;:&quot;classic&quot;}\">\n\t\t\t\t\t\t<div class=\"elementor-container elementor-column-gap-no\">\n\t\t\t\t\t<div class=\"elementor-column elementor-col-100 elementor-top-column elementor-element elementor-element-1d37e875\" data-id=\"1d37e875\" data-element_type=\"column\">\n\t\t\t<div class=\"elementor-widget-wrap elementor-element-populated\">\n\t\t\t\t\t\t<section class=\"elementor-section elementor-inner-section elementor-element elementor-element-394ddc57 elementor-section-content-middle elementor-section-boxed elementor-section-height-default elementor-section-height-default\" data-id=\"394ddc57\" data-element_type=\"section\" data-settings=\"{&quot;background_background&quot;:&quot;classic&quot;}\">\n\t\t\t\t\t\t<div class=\"elementor-container elementor-column-gap-no\">\n\t\t\t\t\t<div class=\"elementor-column elementor-col-25 elementor-inner-column elementor-element elementor-element-3e8740e0\" data-id=\"3e8740e0\" data-element_type=\"column\">\n\t\t\t<div class=\"elementor-widget-wrap elementor-element-populated\">\n\t\t\t\t\t\t<div class=\"elementor-element elementor-element-56372294 elementor-view-stacked elementor-shape-circle elementor-widget elementor-widget-icon\" data-id=\"56372294\" data-element_type=\"widget\" data-widget_type=\"icon.default\">\n\t\t\t\t<div class=\"elementor-widget-container\">\n\t\t\t\t\t<div class=\"elementor-icon-wrapper\">\n\t\t\t<div class=\"elementor-icon\">\n\t\t\t<i aria-hidden=\"true\" class=\"fas fa-donate\"><\/i>\t\t\t<\/div>\n\t\t<\/div>\n\t\t\t\t<\/div>\n\t\t\t\t<\/div>\n\t\t\t\t\t<\/div>\n\t\t<\/div>\n\t\t\t\t<div class=\"elementor-column elementor-col-50 elementor-inner-column elementor-element elementor-element-466c2145\" data-id=\"466c2145\" data-element_type=\"column\">\n\t\t\t<div class=\"elementor-widget-wrap elementor-element-populated\">\n\t\t\t\t\t\t<div class=\"elementor-element elementor-element-5855f5df elementor-widget elementor-widget-heading\" data-id=\"5855f5df\" data-element_type=\"widget\" data-widget_type=\"heading.default\">\n\t\t\t\t<div class=\"elementor-widget-container\">\n\t\t\t<h3 class=\"elementor-heading-title elementor-size-default\">\u0647\u0644 \u062a\u0648\u062f \u0627\u0644\u062a\u0628\u0631\u0651\u0639 \u0644\u0641\u0627\u0626\u062f\u0629 \u0627\u0644\u0645\u0648\u0642\u0639\u061f<\/h3>\t\t<\/div>\n\t\t\t\t<\/div>\n\t\t\t\t<div class=\"elementor-element elementor-element-7c80425a elementor-widget elementor-widget-text-editor\" data-id=\"7c80425a\" data-element_type=\"widget\" data-widget_type=\"text-editor.default\">\n\t\t\t\t<div class=\"elementor-widget-container\">\n\t\t\t\t\t\t\t<p>\u0647\u0644 \u0623\u0646\u062a \u0645\u0647\u062a\u0645\u0651 \u0628\u0645\u0634\u0631\u0648\u0639\u0646\u0627\u061f \u0644\u0627 \u062a\u062a\u0631\u062f\u062f \u0641\u064a \u0627\u0644\u0645\u0634\u0627\u0631\u0643\u0629 \u0645\u0639\u0646\u0627 \u0641\u064a \u0627\u0644\u062d\u0641\u0627\u0638 \u0639\u0644\u0649 \u0647\u0630\u0627 \u0627\u0644\u0623\u0631\u0634\u064a\u0641 \u0627\u0644\u062a\u0627\u0631\u064a\u062e\u064a \u0627\u0644\u062b\u0645\u064a\u0646 \u0627\u0644\u0630\u064a \u064a\u064f\u063a\u0637\u064a \u0628\u0643\u0644 \u0623\u0645\u0627\u0646\u0629 \u062c\u0632\u0621\u064b \u0645\u0647\u0645\u0627 \u0645\u0646 \u0627\u0644\u0630\u0627\u0643\u0631\u0629 \u0627\u0644\u062a\u0648\u0646\u0633\u064a\u0629 \u0648\u0639\u0644\u0649 \u062a\u0637\u0648\u064a\u0631\u0647. \u0634\u0643\u0631\u0627 \u0645\u064f\u0633\u0628\u0642\u0627 \u0644\u062f\u0639\u0645\u0643\u0645.\u00a0<\/p>\t\t\t\t\t\t<\/div>\n\t\t\t\t<\/div>\n\t\t\t\t\t<\/div>\n\t\t<\/div>\n\t\t\t\t<div class=\"elementor-column elementor-col-25 elementor-inner-column elementor-element elementor-element-1ad39d3b\" data-id=\"1ad39d3b\" data-element_type=\"column\">\n\t\t\t<div class=\"elementor-widget-wrap elementor-element-populated\">\n\t\t\t\t\t\t<div class=\"elementor-element elementor-element-7f1f021a elementor-align-center elementor-tablet-align-left elementor-mobile-align-justify elementor-widget-mobile__width-inherit elementor-widget elementor-widget-button\" data-id=\"7f1f021a\" data-element_type=\"widget\" data-widget_type=\"button.default\">\n\t\t\t\t<div class=\"elementor-widget-container\">\n\t\t\t\t\t\t\t<div class=\"elementor-button-wrapper\">\n\t\t\t\t\t<a class=\"elementor-button elementor-button-link elementor-size-sm\" href=\"#elementor-action%3Aaction%3Dpopup%3Aopen%26settings%3DeyJpZCI6IjE5OTIiLCJ0b2dnbGUiOmZhbHNlfQ%3D%3D\">\n\t\t\t\t\t\t<span class=\"elementor-button-content-wrapper\">\n\t\t\t\t\t\t\t\t\t<span class=\"elementor-button-text\">\u0633\u0627\u0647\u0645 \u0627\u0644\u0622\u0646 \u2190<\/span>\n\t\t\t\t\t<\/span>\n\t\t\t\t\t<\/a>\n\t\t\t\t<\/div>\n\t\t\t\t\t\t<\/div>\n\t\t\t\t<\/div>\n\t\t\t\t\t<\/div>\n\t\t<\/div>\n\t\t\t\t\t<\/div>\n\t\t<\/section>\n\t\t\t\t\t<\/div>\n\t\t<\/div>\n\t\t\t\t\t<\/div>\n\t\t<\/section>\n\t\t\t\t<\/div>","protected":false},"excerpt":{"rendered":"<p>Questions fr\u00e9quemment pos\u00e9es Si vous avez d&rsquo;autre questions, n&rsquo;h\u00e9sitez pas \u00e0 nous \u00e9crire.\u00a0 FAQ Pourquoi avez-vous d\u00e9cid\u00e9 de mettre \u00e0 jour vos archives maintenant ? Le projet \u00e9tait discut\u00e9 depuis plusieurs ann\u00e9es. L\u2019ancienne version de notre site ne r\u00e9pondait plus aux normes modernes et ne permettait pas une recherche efficace pour toute personne int\u00e9ress\u00e9e. Quel [&hellip;]<\/p>\n","protected":false},"author":1,"featured_media":0,"parent":0,"menu_order":0,"comment_status":"closed","ping_status":"closed","template":"","meta":{"inline_featured_image":false,"site-sidebar-layout":"no-sidebar","site-content-layout":"page-builder","ast-site-content-layout":"default","site-content-style":"default","site-sidebar-style":"default","ast-global-header-display":"","ast-banner-title-visibility":"","ast-main-header-display":"","ast-hfb-above-header-display":"","ast-hfb-below-header-display":"","ast-hfb-mobile-header-display":"","site-post-title":"disabled","ast-breadcrumbs-content":"disabled","ast-featured-img":"disabled","footer-sml-layout":"","ast-disable-related-posts":"","theme-transparent-header-meta":"enabled","adv-header-id-meta":"","stick-header-meta":"","header-above-stick-meta":"","header-main-stick-meta":"","header-below-stick-meta":"","astra-migrate-meta-layouts":"default","ast-page-background-enabled":"default","ast-page-background-meta":{"desktop":{"background-color":"","background-image":"","background-repeat":"repeat","background-position":"center center","background-size":"auto","background-attachment":"scroll","background-type":"","background-media":"","overlay-type":"","overlay-color":"","overlay-opacity":"","overlay-gradient":""},"tablet":{"background-color":"","background-image":"","background-repeat":"repeat","background-position":"center center","background-size":"auto","background-attachment":"scroll","background-type":"","background-media":"","overlay-type":"","overlay-color":"","overlay-opacity":"","overlay-gradient":""},"mobile":{"background-color":"","background-image":"","background-repeat":"repeat","background-position":"center center","background-size":"auto","background-attachment":"scroll","background-type":"","background-media":"","overlay-type":"","overlay-color":"","overlay-opacity":"","overlay-gradient":""}},"ast-content-background-meta":{"desktop":{"background-color":"var(--ast-global-color-5)","background-image":"","background-repeat":"repeat","background-position":"center center","background-size":"auto","background-attachment":"scroll","background-type":"","background-media":"","overlay-type":"","overlay-color":"","overlay-opacity":"","overlay-gradient":""},"tablet":{"background-color":"var(--ast-global-color-5)","background-image":"","background-repeat":"repeat","background-position":"center center","background-size":"auto","background-attachment":"scroll","background-type":"","background-media":"","overlay-type":"","overlay-color":"","overlay-opacity":"","overlay-gradient":""},"mobile":{"background-color":"var(--ast-global-color-5)","background-image":"","background-repeat":"repeat","background-position":"center center","background-size":"auto","background-attachment":"scroll","background-type":"","background-media":"","overlay-type":"","overlay-color":"","overlay-opacity":"","overlay-gradient":""}},"footnotes":""},"class_list":["post-2155","page","type-page","status-publish","hentry"],"_links":{"self":[{"href":"https:\/\/tunisnews.net\/ar\/wp-json\/wp\/v2\/pages\/2155","targetHints":{"allow":["GET"]}}],"collection":[{"href":"https:\/\/tunisnews.net\/ar\/wp-json\/wp\/v2\/pages"}],"about":[{"href":"https:\/\/tunisnews.net\/ar\/wp-json\/wp\/v2\/types\/page"}],"author":[{"embeddable":true,"href":"https:\/\/tunisnews.net\/ar\/wp-json\/wp\/v2\/users\/1"}],"replies":[{"embeddable":true,"href":"https:\/\/tunisnews.net\/ar\/wp-json\/wp\/v2\/comments?post=2155"}],"version-history":[{"count":103,"href":"https:\/\/tunisnews.net\/ar\/wp-json\/wp\/v2\/pages\/2155\/revisions"}],"predecessor-version":[{"id":22085,"href":"https:\/\/tunisnews.net\/ar\/wp-json\/wp\/v2\/pages\/2155\/revisions\/22085"}],"wp:attachment":[{"href":"https:\/\/tunisnews.net\/ar\/wp-json\/wp\/v2\/media?parent=2155"}],"curies":[{"name":"wp","href":"https:\/\/api.w.org\/{rel}","templated":true}]}}